{"id":2199,"date":"2023-03-20T14:21:39","date_gmt":"2023-03-20T14:21:39","guid":{"rendered":"https:\/\/flexishield.fr\/rechtliche-hinweise\/"},"modified":"2026-03-02T11:24:29","modified_gmt":"2026-03-02T11:24:29","slug":"rechtliche-hinweise","status":"publish","type":"page","link":"https:\/\/flexishield.fr\/de\/rechtliche-hinweise\/","title":{"rendered":"Rechtliche Hinweise"},"content":{"rendered":"<div class=\"fusion-fullwidth fullwidth-box fusion-builder-row-1 fusion-flex-container nonhundred-percent-fullwidth non-hundred-percent-height-scrolling\" style=\"--awb-border-radius-top-left:0px;--awb-border-radius-top-right:0px;--awb-border-radius-bottom-right:0px;--awb-border-radius-bottom-left:0px;--awb-padding-top:50px;--awb-padding-bottom:50px;--awb-margin-bottom:0px;--awb-flex-wrap:wrap;\" ><div class=\"fusion-builder-row fusion-row fusion-flex-align-items-flex-start fusion-flex-content-wrap\" style=\"max-width:calc( 1200px + 0px );margin-left: calc(-0px \/ 2 );margin-right: calc(-0px \/ 2 );\"><div class=\"fusion-layout-column fusion_builder_column fusion-builder-column-0 fusion_builder_column_1_1 1_1 fusion-flex-column\" style=\"--awb-bg-blend:overlay;--awb-bg-size:cover;--awb-width-large:100%;--awb-margin-top-large:0px;--awb-spacing-right-large:0px;--awb-margin-bottom-large:20px;--awb-spacing-left-large:0px;--awb-width-medium:100%;--awb-spacing-right-medium:0px;--awb-spacing-left-medium:0px;--awb-width-small:100%;--awb-spacing-right-small:0px;--awb-spacing-left-small:0px;\"><div class=\"fusion-column-wrapper fusion-column-has-shadow fusion-flex-justify-content-flex-start fusion-content-layout-column\"><div class=\"fusion-title title fusion-title-1 fusion-sep-none fusion-title-text fusion-title-size-one\" style=\"--awb-margin-top-small:10px;--awb-margin-right-small:0px;--awb-margin-bottom-small:10px;--awb-margin-left-small:0px;\"><h1 class=\"fusion-title-heading title-heading-left\" style=\"margin:0;\"><strong>Rechtliche<\/strong> Hinweise<\/h1><\/div><div class=\"fusion-separator\" style=\"align-self: flex-start;margin-right:auto;margin-bottom:40px;width:100%;max-width:30%;\"><div class=\"fusion-separator-border sep-single sep-solid\" style=\"--awb-height:20px;--awb-amount:20px;--awb-sep-color:var(--awb-custom_color_3);border-color:var(--awb-custom_color_3);border-top-width:4px;\"><\/div><\/div><div class=\"accordian fusion-accordian\" style=\"--awb-border-size:1px;--awb-icon-size:16px;--awb-content-font-size:var(--awb-typography4-font-size);--awb-icon-alignment:left;--awb-hover-color:var(--awb-color2);--awb-border-color:var(--awb-color3);--awb-background-color:var(--awb-color1);--awb-divider-color:var(--awb-color3);--awb-divider-hover-color:var(--awb-color3);--awb-icon-color:var(--awb-color1);--awb-title-color:#212934;--awb-content-color:var(--awb-color8);--awb-icon-box-color:#212934;--awb-toggle-hover-accent-color:var(--awb-color5);--awb-title-font-family:var(--awb-typography1-font-family);--awb-title-font-weight:var(--awb-typography1-font-weight);--awb-title-font-style:var(--awb-typography1-font-style);--awb-title-font-size:26px;--awb-content-font-family:var(--awb-typography4-font-family);--awb-content-font-weight:var(--awb-typography4-font-weight);--awb-content-font-style:var(--awb-typography4-font-style);\"><div class=\"panel-group fusion-toggle-icon-boxed\" id=\"accordion-2199-1\"><div class=\"fusion-panel panel-default panel-5a586c51f0ca14a4a fusion-toggle-has-divider\" style=\"--awb-title-color:var(--awb-color8);--awb-content-color:var(--awb-color8);\"><div class=\"panel-heading\"><h4 class=\"panel-title toggle\" id=\"toggle_5a586c51f0ca14a4a\"><a aria-expanded=\"false\" aria-controls=\"5a586c51f0ca14a4a\" role=\"button\" data-toggle=\"collapse\" data-parent=\"#accordion-2199-1\" data-target=\"#5a586c51f0ca14a4a\" href=\"#5a586c51f0ca14a4a\"><span class=\"fusion-toggle-icon-wrapper\" aria-hidden=\"true\"><i class=\"fa-fusion-box active-icon awb-icon-minus\" aria-hidden=\"true\"><\/i><i class=\"fa-fusion-box inactive-icon awb-icon-plus\" aria-hidden=\"true\"><\/i><\/span><span class=\"fusion-toggle-heading\">Allgemeine Informationen \u00fcber Flexishield<\/span><\/a><\/h4><\/div><div id=\"5a586c51f0ca14a4a\" class=\"panel-collapse collapse \" aria-labelledby=\"toggle_5a586c51f0ca14a4a\"><div class=\"panel-body toggle-content fusion-clearfix\">\n<p>Gesellschaft TEKALAB FRANCE<br \/>\nHauptsitz: 6 RUE DES MEUNIERS 67170 GEUDERTHEIM<br \/>\nSIRET: 914 088 190 00014<br \/>\nSAS mit einem Kapital von 10.000 \u20ac<br \/>\nRCS: Strasbourg B 914 088 190<br \/>\nVerantwortlich f\u00fcr die Ver\u00f6ffentlichung: Ludovic Block<br \/>\nDie Website flexishield.fr wird gehostet von: OVH, 2 rue Kellermann &#8211; 59100 Roubaix &#8211; Frankreich<\/p>\n<\/div><\/div><\/div><div class=\"fusion-panel panel-default panel-1823947e4e00f79ca fusion-toggle-has-divider\"><div class=\"panel-heading\"><h4 class=\"panel-title toggle\" id=\"toggle_1823947e4e00f79ca\"><a aria-expanded=\"false\" aria-controls=\"1823947e4e00f79ca\" role=\"button\" data-toggle=\"collapse\" data-parent=\"#accordion-2199-1\" data-target=\"#1823947e4e00f79ca\" href=\"#1823947e4e00f79ca\"><span class=\"fusion-toggle-icon-wrapper\" aria-hidden=\"true\"><i class=\"fa-fusion-box active-icon awb-icon-minus\" aria-hidden=\"true\"><\/i><i class=\"fa-fusion-box inactive-icon awb-icon-plus\" aria-hidden=\"true\"><\/i><\/span><span class=\"fusion-toggle-heading\">Verarbeitungen im Zusammenhang mit der Verwaltung von Formularen<\/span><\/a><\/h4><\/div><div id=\"1823947e4e00f79ca\" class=\"panel-collapse collapse \" aria-labelledby=\"toggle_1823947e4e00f79ca\"><div class=\"panel-body toggle-content fusion-clearfix\">\n<p>Jedes Formular auf der Flexishield Website beschr\u00e4nkt die Erhebung personenbezogener Daten auf das notwendige Ma\u00df und enth\u00e4lt insbesondere folgende Angaben:<\/p>\n<p>&#8211; Welche Ziele mit der Sammlung dieser Daten verfolgt werden (Zweck);<\/p>\n<p>&#8211; Was rechtfertigt, dass wir Daten \u00fcber Sie sammeln (Rechtm\u00e4\u00dfigkeit);<\/p>\n<p>&#8211; Welche legitimen Interessen wir gegebenenfalls verfolgen;<\/p>\n<p>&#8211; Ob die Daten f\u00fcr die Bearbeitung Ihrer Anfrage obligatorisch oder fakultativ sind (obligatorische Daten sind durch ein Sternchen hervorgehoben);<\/p>\n<p>&#8211; wer davon Kenntnis nehmen kann (im Prinzip nur Flexishield, es sei denn, es wird im Formular angegeben, wenn eine Weitergabe an Dritte f\u00fcr die Bearbeitung Ihrer Anfrage erforderlich ist);<\/p>\n<p>&#8211; wie lange die gesammelten Daten aufbewahrt werden.<\/p>\n<p>F\u00fcr weitere Informationen oder die Aus\u00fcbung Ihrer Datenschutzrechte in Bezug auf die von Flexishield verwalteten personenbezogenen Daten finden Sie im Abschnitt &#8222;Wie Sie Ihre Rechte aus\u00fcben k\u00f6nnen&#8220; weiter unten.<\/p>\n<\/div><\/div><\/div><div class=\"fusion-panel panel-default panel-e87527b17de01ab77 fusion-toggle-has-divider\"><div class=\"panel-heading\"><h4 class=\"panel-title toggle\" id=\"toggle_e87527b17de01ab77\"><a aria-expanded=\"false\" aria-controls=\"e87527b17de01ab77\" role=\"button\" data-toggle=\"collapse\" data-parent=\"#accordion-2199-1\" data-target=\"#e87527b17de01ab77\" href=\"#e87527b17de01ab77\"><span class=\"fusion-toggle-icon-wrapper\" aria-hidden=\"true\"><i class=\"fa-fusion-box active-icon awb-icon-minus\" aria-hidden=\"true\"><\/i><i class=\"fa-fusion-box inactive-icon awb-icon-plus\" aria-hidden=\"true\"><\/i><\/span><span class=\"fusion-toggle-heading\">Verarbeitungen im Zusammenhang mit der Verwaltung von Kundenbeziehungen<\/span><\/a><\/h4><\/div><div id=\"e87527b17de01ab77\" class=\"panel-collapse collapse \" aria-labelledby=\"toggle_e87527b17de01ab77\"><div class=\"panel-body toggle-content fusion-clearfix\">\n<p>Im Rahmen der Beziehungen, die wir mit den Unternehmenskunden unterhalten, k\u00f6nnen wir Informationen \u00fcber nat\u00fcrliche Personen, die Kontaktpunkte innerhalb dieser Unternehmen sind, sammeln und verwenden. Dabei kann es sich um Identifikationsdaten (Name, Vorname&#8230;) oder um Daten aus dem Berufsleben (gesch\u00e4ftliche Festnetz- und\/oder Mobiltelefonnummern, E-Mail-Adresse&#8230;) handeln. <\/p>\n<p>Wir verwenden diese Informationen, um unsere Gesch\u00e4ftsbeziehung mit den Unternehmenskunden, bei denen Sie arbeiten, zu verwalten.<\/p>\n<p>Diese Informationen werden bei \u00c4nderungen aktualisiert: z.B. k\u00f6nnen sich die Identit\u00e4t und die Kontaktdaten der Kontaktperson \u00e4ndern, wenn die Person, deren Informationen gespeichert sind, das Unternehmen verl\u00e4sst.<\/p>\n<p>Sie werden nicht an Dritte weitergegeben.<\/p>\n<\/div><\/div><\/div><div class=\"fusion-panel panel-default panel-d7c53950f2ba05d64 fusion-toggle-has-divider\"><div class=\"panel-heading\"><h4 class=\"panel-title toggle\" id=\"toggle_d7c53950f2ba05d64\"><a aria-expanded=\"false\" aria-controls=\"d7c53950f2ba05d64\" role=\"button\" data-toggle=\"collapse\" data-parent=\"#accordion-2199-1\" data-target=\"#d7c53950f2ba05d64\" href=\"#d7c53950f2ba05d64\"><span class=\"fusion-toggle-icon-wrapper\" aria-hidden=\"true\"><i class=\"fa-fusion-box active-icon awb-icon-minus\" aria-hidden=\"true\"><\/i><i class=\"fa-fusion-box inactive-icon awb-icon-plus\" aria-hidden=\"true\"><\/i><\/span><span class=\"fusion-toggle-heading\">Cookies und Messung des Publikums<\/span><\/a><\/h4><\/div><div id=\"d7c53950f2ba05d64\" class=\"panel-collapse collapse \" aria-labelledby=\"toggle_d7c53950f2ba05d64\"><div class=\"panel-body toggle-content fusion-clearfix\">\n<p>Ein Cookie ist eine Textdatei, die von der besuchten Website an Ihren Browser gesendet wird. Ein Cookie speichert und sammelt Informationen, z.B. damit wir wissen, welche Seiten Sie besucht haben, wie lange Sie auf der Website geblieben sind, auf welche Links Sie geklickt haben, wie oft Sie auf die Website zur\u00fcckkehren usw.<\/p>\n<\/div><\/div><\/div><div class=\"fusion-panel panel-default panel-41c14359bf7192a74 fusion-toggle-has-divider\"><div class=\"panel-heading\"><h4 class=\"panel-title toggle\" id=\"toggle_41c14359bf7192a74\"><a aria-expanded=\"false\" aria-controls=\"41c14359bf7192a74\" role=\"button\" data-toggle=\"collapse\" data-parent=\"#accordion-2199-1\" data-target=\"#41c14359bf7192a74\" href=\"#41c14359bf7192a74\"><span class=\"fusion-toggle-icon-wrapper\" aria-hidden=\"true\"><i class=\"fa-fusion-box active-icon awb-icon-minus\" aria-hidden=\"true\"><\/i><i class=\"fa-fusion-box inactive-icon awb-icon-plus\" aria-hidden=\"true\"><\/i><\/span><span class=\"fusion-toggle-heading\">Sicherheit der Website und Besucherstatistiken<\/span><\/a><\/h4><\/div><div id=\"41c14359bf7192a74\" class=\"panel-collapse collapse \" aria-labelledby=\"toggle_41c14359bf7192a74\"><div class=\"panel-body toggle-content fusion-clearfix\">\n<p>Wenn Sie auf dieser Website surfen, \u00fcbermittelt uns Ihr Browser automatisch Informationen, die f\u00fcr die Navigation erforderlich sind. Wir sammeln in Verbindungsprotokollen die folgenden Informationen, um unsere Website zu verbessern und zu sch\u00fctzen: <\/p>\n<p>&#8211; Ihre IP-Adresse<br \/>\n&#8211; Datum und Uhrzeit der Anfragen<br \/>\n&#8211; Inhalt der Anfrage<br \/>\n&#8211; Herkunft der Anfrage<br \/>\n&#8211; Menge der als Antwort gesendeten Informationen<br \/>\n&#8211; Zeitzone<br \/>\n&#8211; Informationen wie das Betriebssystem oder der Typ des verwendeten Browsers<br \/>\n&#8211; Sprache und Version des Browsers<\/p>\n<p>Um die Website an die Anforderungen der Besucher anzupassen, messen wir auch, ohne dass diese Daten Sie identifizieren k\u00f6nnen:<\/p>\n<p>&#8211; die Anzahl der Besuche,<br \/>\n&#8211; die Anzahl der Seitenaufrufe,<br \/>\n&#8211; die Aktivit\u00e4t der Besucher auf der Website und die H\u00e4ufigkeit ihrer R\u00fcckkehr.<\/p>\n<p>Diese Verarbeitungen basieren auf unserem berechtigten Interesse (Artikel 6 \u00a71 f) DSGVO), die Navigation auf dieser Website zu erm\u00f6glichen, sie zu verbessern und ihre Stabilit\u00e4t und Sicherheit zu gew\u00e4hrleisten.<\/p>\n<\/div><\/div><\/div><div class=\"fusion-panel panel-default panel-93b8945bc55cfb9e8 fusion-toggle-has-divider\"><div class=\"panel-heading\"><h4 class=\"panel-title toggle\" id=\"toggle_93b8945bc55cfb9e8\"><a aria-expanded=\"false\" aria-controls=\"93b8945bc55cfb9e8\" role=\"button\" data-toggle=\"collapse\" data-parent=\"#accordion-2199-1\" data-target=\"#93b8945bc55cfb9e8\" href=\"#93b8945bc55cfb9e8\"><span class=\"fusion-toggle-icon-wrapper\" aria-hidden=\"true\"><i class=\"fa-fusion-box active-icon awb-icon-minus\" aria-hidden=\"true\"><\/i><i class=\"fa-fusion-box inactive-icon awb-icon-plus\" aria-hidden=\"true\"><\/i><\/span><span class=\"fusion-toggle-heading\">Welche Rechte haben Sie?<\/span><\/a><\/h4><\/div><div id=\"93b8945bc55cfb9e8\" class=\"panel-collapse collapse \" aria-labelledby=\"toggle_93b8945bc55cfb9e8\"><div class=\"panel-body toggle-content fusion-clearfix\">\n<p>Gem\u00e4\u00df der <a href=\"https:\/\/www.cnil.fr\/fr\/reglement-europeen-protection-donnees\" target=\"_blank\" rel=\"noopener noreferrer\">Allgemeinen Datenschutzverordnung<\/a> und dem <a href=\"https:\/\/www.cnil.fr\/fr\/la-loi-informatique-et-libertes\" target=\"_blank\" rel=\"noopener noreferrer\">franz\u00f6sischen Datenschutzgesetz<\/a> haben Sie das Recht, auf die Sie betreffenden Daten zuzugreifen und\/oder eine Kopie davon zu erhalten.<br \/>\nJe nach Kontext k\u00f6nnen Sie auch<\/p>\n<p>&#8211; sich der Verarbeitung dieser Daten widersetzen, sie berichtigen oder l\u00f6schen lassen;<br \/>\n&#8211; die Einschr\u00e4nkung der Verarbeitung Ihrer Daten und\/oder die \u00dcbertragbarkeit dieser Daten beantragen.<\/p>\n<p>Wenn Sie Ihre Zustimmung zu einer von uns durchgef\u00fchrten Verarbeitung gegeben haben, haben Sie das Recht, diese jederzeit zu widerrufen.<\/p>\n<\/div><\/div><\/div><div class=\"fusion-panel panel-default panel-9b83b80497b421321 fusion-toggle-has-divider\"><div class=\"panel-heading\"><h4 class=\"panel-title toggle\" id=\"toggle_9b83b80497b421321\"><a aria-expanded=\"false\" aria-controls=\"9b83b80497b421321\" role=\"button\" data-toggle=\"collapse\" data-parent=\"#accordion-2199-1\" data-target=\"#9b83b80497b421321\" href=\"#9b83b80497b421321\"><span class=\"fusion-toggle-icon-wrapper\" aria-hidden=\"true\"><i class=\"fa-fusion-box active-icon awb-icon-minus\" aria-hidden=\"true\"><\/i><i class=\"fa-fusion-box inactive-icon awb-icon-plus\" aria-hidden=\"true\"><\/i><\/span><span class=\"fusion-toggle-heading\">Wie k\u00f6nnen Sie Ihre Rechte aus\u00fcben?<\/span><\/a><\/h4><\/div><div id=\"9b83b80497b421321\" class=\"panel-collapse collapse \" aria-labelledby=\"toggle_9b83b80497b421321\"><div class=\"panel-body toggle-content fusion-clearfix\">\n<p>Sie k\u00f6nnen Ihre Rechte jederzeit aus\u00fcben, indem Sie sich an uns wenden:<\/p>\n<p>&#8211; per E-Mail an blockludovic@tekalab.fr<br \/>\n&#8211; \u00fcber dieses Kontaktformular<br \/>\n&#8211; per unterzeichnetem Brief an die folgende Adresse:<\/p>\n<p>TEKALAB<br \/>\n6 RUE DES MEUNIERS<br \/>\n67170 GEUDERTHEIM<\/p>\n<p>Aus Sicherheitsgr\u00fcnden m\u00fcssen Sie Ihre Identit\u00e4t nachweisen (z.B. durch Angabe Ihres Vor- und Nachnamens, Ihrer Kundennummer, Ihrer Post- oder E-Mail-Adresse). Gegebenenfalls kann ein g\u00fcltiger Ausweis von Ihnen verlangt werden.<br \/>\nWenn Sie, nachdem Sie uns kontaktiert haben, der Meinung sind, dass Ihre Rechte in Bezug auf Ihre Daten nicht respektiert werden, k\u00f6nnen Sie <a href=\"https:\/\/www.cnil.fr\/fr\/webform\/adresser-une-plainte\" target=\"_blank\" rel=\"noopener noreferrer\">eine Beschwerde an die CNIL richten.<\/a><\/p>\n<\/div><\/div><\/div><div class=\"fusion-panel panel-default panel-696b96b4129a92bc5 fusion-toggle-has-divider\"><div class=\"panel-heading\"><h4 class=\"panel-title toggle\" id=\"toggle_696b96b4129a92bc5\"><a aria-expanded=\"false\" aria-controls=\"696b96b4129a92bc5\" role=\"button\" data-toggle=\"collapse\" data-parent=\"#accordion-2199-1\" data-target=\"#696b96b4129a92bc5\" href=\"#696b96b4129a92bc5\"><span class=\"fusion-toggle-icon-wrapper\" aria-hidden=\"true\"><i class=\"fa-fusion-box active-icon awb-icon-minus\" aria-hidden=\"true\"><\/i><i class=\"fa-fusion-box inactive-icon awb-icon-plus\" aria-hidden=\"true\"><\/i><\/span><span class=\"fusion-toggle-heading\">Aktualisierung dieser Politik<\/span><\/a><\/h4><\/div><div id=\"696b96b4129a92bc5\" class=\"panel-collapse collapse \" aria-labelledby=\"toggle_696b96b4129a92bc5\"><div class=\"panel-body toggle-content fusion-clearfix\">\n<p>Wir \u00e4ndern diese Datenschutzrichtlinie von Zeit zu Zeit. Bei wesentlichen \u00c4nderungen werden wir einen entsprechenden Hinweis an hervorgehobener Stelle auf der Website ver\u00f6ffentlichen. <\/p>\n<p>Wir empfehlen Ihnen, diese Politik von Zeit zu Zeit zu \u00fcberpr\u00fcfen.<\/p>\n<\/div><\/div><\/div><\/div><\/div><\/div><\/div><\/div><\/div>\n","protected":false},"excerpt":{"rendered":"","protected":false},"author":1,"featured_media":0,"parent":0,"menu_order":0,"comment_status":"closed","ping_status":"closed","template":"100-width.php","meta":{"_acf_changed":false,"footnotes":""},"class_list":["post-2199","page","type-page","status-publish","hentry"],"acf":[],"yoast_head":"<!-- This site is optimized with the Yoast SEO plugin v27.6 - https:\/\/yoast.com\/product\/yoast-seo-wordpress\/ -->\n<title>Rechtliche Hinweise - Flexishield<\/title>\n<meta name=\"robots\" content=\"index, follow, max-snippet:-1, max-image-preview:large, max-video-preview:-1\" \/>\n<link rel=\"canonical\" href=\"https:\/\/flexishield.fr\/de\/rechtliche-hinweise\/\" \/>\n<meta property=\"og:locale\" content=\"de_DE\" \/>\n<meta property=\"og:type\" content=\"article\" \/>\n<meta property=\"og:title\" content=\"Rechtliche Hinweise - Flexishield\" \/>\n<meta property=\"og:url\" content=\"https:\/\/flexishield.fr\/de\/rechtliche-hinweise\/\" \/>\n<meta property=\"og:site_name\" content=\"Flexishield\" \/>\n<meta property=\"article:modified_time\" content=\"2026-03-02T11:24:29+00:00\" \/>\n<meta property=\"og:image\" content=\"https:\/\/flexishield.fr\/wp-content\/uploads\/2023\/04\/Thumbnail.jpg\" \/>\n\t<meta property=\"og:image:width\" content=\"1200\" \/>\n\t<meta property=\"og:image:height\" content=\"675\" \/>\n\t<meta property=\"og:image:type\" content=\"image\/jpeg\" \/>\n<meta name=\"twitter:card\" content=\"summary_large_image\" \/>\n<meta name=\"twitter:label1\" content=\"Gesch\u00e4tzte Lesezeit\" \/>\n\t<meta name=\"twitter:data1\" content=\"6\u00a0Minuten\" \/>\n<script type=\"application\/ld+json\" class=\"yoast-schema-graph\">{\"@context\":\"https:\\\/\\\/schema.org\",\"@graph\":[{\"@type\":\"WebPage\",\"@id\":\"https:\\\/\\\/flexishield.fr\\\/de\\\/rechtliche-hinweise\\\/\",\"url\":\"https:\\\/\\\/flexishield.fr\\\/de\\\/rechtliche-hinweise\\\/\",\"name\":\"Rechtliche Hinweise - Flexishield\",\"isPartOf\":{\"@id\":\"https:\\\/\\\/flexishield.fr\\\/de\\\/#website\"},\"datePublished\":\"2023-03-20T14:21:39+00:00\",\"dateModified\":\"2026-03-02T11:24:29+00:00\",\"breadcrumb\":{\"@id\":\"https:\\\/\\\/flexishield.fr\\\/de\\\/rechtliche-hinweise\\\/#breadcrumb\"},\"inLanguage\":\"de\",\"potentialAction\":[{\"@type\":\"ReadAction\",\"target\":[\"https:\\\/\\\/flexishield.fr\\\/de\\\/rechtliche-hinweise\\\/\"]}]},{\"@type\":\"BreadcrumbList\",\"@id\":\"https:\\\/\\\/flexishield.fr\\\/de\\\/rechtliche-hinweise\\\/#breadcrumb\",\"itemListElement\":[{\"@type\":\"ListItem\",\"position\":1,\"name\":\"Accueil\",\"item\":\"https:\\\/\\\/flexishield.fr\\\/de\\\/\"},{\"@type\":\"ListItem\",\"position\":2,\"name\":\"Rechtliche Hinweise\"}]},{\"@type\":\"WebSite\",\"@id\":\"https:\\\/\\\/flexishield.fr\\\/de\\\/#website\",\"url\":\"https:\\\/\\\/flexishield.fr\\\/de\\\/\",\"name\":\"Flexishield\",\"description\":\"\",\"publisher\":{\"@id\":\"https:\\\/\\\/flexishield.fr\\\/de\\\/#organization\"},\"potentialAction\":[{\"@type\":\"SearchAction\",\"target\":{\"@type\":\"EntryPoint\",\"urlTemplate\":\"https:\\\/\\\/flexishield.fr\\\/de\\\/?s={search_term_string}\"},\"query-input\":{\"@type\":\"PropertyValueSpecification\",\"valueRequired\":true,\"valueName\":\"search_term_string\"}}],\"inLanguage\":\"de\"},{\"@type\":\"Organization\",\"@id\":\"https:\\\/\\\/flexishield.fr\\\/de\\\/#organization\",\"name\":\"Flexishield\",\"url\":\"https:\\\/\\\/flexishield.fr\\\/de\\\/\",\"logo\":{\"@type\":\"ImageObject\",\"inLanguage\":\"de\",\"@id\":\"https:\\\/\\\/flexishield.fr\\\/de\\\/#\\\/schema\\\/logo\\\/image\\\/\",\"url\":\"https:\\\/\\\/flexishield.fr\\\/wp-content\\\/uploads\\\/2023\\\/03\\\/logo.png\",\"contentUrl\":\"https:\\\/\\\/flexishield.fr\\\/wp-content\\\/uploads\\\/2023\\\/03\\\/logo.png\",\"width\":418,\"height\":50,\"caption\":\"Flexishield\"},\"image\":{\"@id\":\"https:\\\/\\\/flexishield.fr\\\/de\\\/#\\\/schema\\\/logo\\\/image\\\/\"}}]}<\/script>\n<!-- \/ Yoast SEO plugin. -->","yoast_head_json":{"title":"Rechtliche Hinweise - Flexishield","robots":{"index":"index","follow":"follow","max-snippet":"max-snippet:-1","max-image-preview":"max-image-preview:large","max-video-preview":"max-video-preview:-1"},"canonical":"https:\/\/flexishield.fr\/de\/rechtliche-hinweise\/","og_locale":"de_DE","og_type":"article","og_title":"Rechtliche Hinweise - Flexishield","og_url":"https:\/\/flexishield.fr\/de\/rechtliche-hinweise\/","og_site_name":"Flexishield","article_modified_time":"2026-03-02T11:24:29+00:00","og_image":[{"width":1200,"height":675,"url":"https:\/\/flexishield.fr\/wp-content\/uploads\/2023\/04\/Thumbnail.jpg","type":"image\/jpeg"}],"twitter_card":"summary_large_image","twitter_misc":{"Gesch\u00e4tzte Lesezeit":"6\u00a0Minuten"},"schema":{"@context":"https:\/\/schema.org","@graph":[{"@type":"WebPage","@id":"https:\/\/flexishield.fr\/de\/rechtliche-hinweise\/","url":"https:\/\/flexishield.fr\/de\/rechtliche-hinweise\/","name":"Rechtliche Hinweise - Flexishield","isPartOf":{"@id":"https:\/\/flexishield.fr\/de\/#website"},"datePublished":"2023-03-20T14:21:39+00:00","dateModified":"2026-03-02T11:24:29+00:00","breadcrumb":{"@id":"https:\/\/flexishield.fr\/de\/rechtliche-hinweise\/#breadcrumb"},"inLanguage":"de","potentialAction":[{"@type":"ReadAction","target":["https:\/\/flexishield.fr\/de\/rechtliche-hinweise\/"]}]},{"@type":"BreadcrumbList","@id":"https:\/\/flexishield.fr\/de\/rechtliche-hinweise\/#breadcrumb","itemListElement":[{"@type":"ListItem","position":1,"name":"Accueil","item":"https:\/\/flexishield.fr\/de\/"},{"@type":"ListItem","position":2,"name":"Rechtliche Hinweise"}]},{"@type":"WebSite","@id":"https:\/\/flexishield.fr\/de\/#website","url":"https:\/\/flexishield.fr\/de\/","name":"Flexishield","description":"","publisher":{"@id":"https:\/\/flexishield.fr\/de\/#organization"},"potentialAction":[{"@type":"SearchAction","target":{"@type":"EntryPoint","urlTemplate":"https:\/\/flexishield.fr\/de\/?s={search_term_string}"},"query-input":{"@type":"PropertyValueSpecification","valueRequired":true,"valueName":"search_term_string"}}],"inLanguage":"de"},{"@type":"Organization","@id":"https:\/\/flexishield.fr\/de\/#organization","name":"Flexishield","url":"https:\/\/flexishield.fr\/de\/","logo":{"@type":"ImageObject","inLanguage":"de","@id":"https:\/\/flexishield.fr\/de\/#\/schema\/logo\/image\/","url":"https:\/\/flexishield.fr\/wp-content\/uploads\/2023\/03\/logo.png","contentUrl":"https:\/\/flexishield.fr\/wp-content\/uploads\/2023\/03\/logo.png","width":418,"height":50,"caption":"Flexishield"},"image":{"@id":"https:\/\/flexishield.fr\/de\/#\/schema\/logo\/image\/"}}]}},"_links":{"self":[{"href":"https:\/\/flexishield.fr\/de\/wp-json\/wp\/v2\/pages\/2199","targetHints":{"allow":["GET"]}}],"collection":[{"href":"https:\/\/flexishield.fr\/de\/wp-json\/wp\/v2\/pages"}],"about":[{"href":"https:\/\/flexishield.fr\/de\/wp-json\/wp\/v2\/types\/page"}],"author":[{"embeddable":true,"href":"https:\/\/flexishield.fr\/de\/wp-json\/wp\/v2\/users\/1"}],"replies":[{"embeddable":true,"href":"https:\/\/flexishield.fr\/de\/wp-json\/wp\/v2\/comments?post=2199"}],"version-history":[{"count":12,"href":"https:\/\/flexishield.fr\/de\/wp-json\/wp\/v2\/pages\/2199\/revisions"}],"predecessor-version":[{"id":2275,"href":"https:\/\/flexishield.fr\/de\/wp-json\/wp\/v2\/pages\/2199\/revisions\/2275"}],"wp:attachment":[{"href":"https:\/\/flexishield.fr\/de\/wp-json\/wp\/v2\/media?parent=2199"}],"curies":[{"name":"wp","href":"https:\/\/api.w.org\/{rel}","templated":true}]}}